{"id":2480,"date":"2025-05-13T21:25:12","date_gmt":"2025-05-13T21:25:12","guid":{"rendered":"https:\/\/astoriarooftop.com\/?page_id=2480"},"modified":"2025-05-13T21:47:29","modified_gmt":"2025-05-13T21:47:29","slug":"tracking-in-house","status":"publish","type":"page","link":"https:\/\/astoriarooftop.com\/es\/tracking-in-house\/","title":{"rendered":"tracking in house"},"content":{"rendered":"<div data-elementor-type=\"wp-page\" data-elementor-id=\"2480\" class=\"elementor elementor-2480\" data-elementor-post-type=\"page\">\n\t\t\t\t<div class=\"elementor-element elementor-element-ccfd8ac e-flex e-con-boxed wpr-particle-no wpr-jarallax-no wpr-parallax-no wpr-sticky-section-no wpr-equal-height-no e-con e-parent\" data-id=\"ccfd8ac\" data-element_type=\"container\" data-e-type=\"container\">\n\t\t\t\t\t<div class=\"e-con-inner\">\n\t\t\t\t<div class=\"elementor-element elementor-element-0124116 elementor-button-align-stretch elementor-widget elementor-widget-form\" data-id=\"0124116\" data-element_type=\"widget\" data-e-type=\"widget\" data-settings=\"{&quot;step_next_label&quot;:&quot;Next&quot;,&quot;step_previous_label&quot;:&quot;Previous&quot;,&quot;button_width&quot;:&quot;100&quot;,&quot;step_type&quot;:&quot;number_text&quot;,&quot;step_icon_shape&quot;:&quot;circle&quot;}\" data-widget_type=\"form.default\">\n\t\t\t\t<div class=\"elementor-widget-container\">\n\t\t\t\t\t\t\t<form class=\"elementor-form\" method=\"post\" name=\"prueba tracking\" action=\"\">\n\t\t\t<input type=\"hidden\" name=\"post_id\" value=\"2480\"\/>\n\t\t\t<input type=\"hidden\" name=\"form_id\" value=\"0124116\"\/>\n\t\t\t<input type=\"hidden\" name=\"referer_title\" value=\"tracking in house - THE BEST ROOFTOP IN COLOMBIA\" \/>\n\n\t\t\t\t\t\t\t<input type=\"hidden\" name=\"queried_id\" value=\"2480\"\/>\n\t\t\t\n\t\t\t<div class=\"elementor-form-fields-wrapper elementor-labels-above\">\n\t\t\t\t\t\t\t\t<div class=\"elementor-field-type-number elementor-field-group elementor-column elementor-field-group-field_2dd68cc elementor-col-100\">\n\t\t\t\t\t\t\t\t\t\t\t\t<label for=\"form-field-field_2dd68cc\" class=\"elementor-field-label\">\n\t\t\t\t\t\t\t\t\u00bfC\u00f3mo calificar\u00eda la atenci\u00f3n recibida por parte del personal?\t\t\t\t\t\t\t<\/label>\n\t\t\t\t\t\t\t\t\t<input type=\"number\" name=\"form_fields[field_2dd68cc]\" id=\"form-field-field_2dd68cc\" class=\"elementor-field elementor-size-sm  elementor-field-textual\" placeholder=\"valor\" min=\"1\" max=\"5\" >\n\t\t\t\t\t\t<\/div>\n\t\t\t\t\t\t\t\t<div class=\"elementor-field-type-text elementor-field-group elementor-column elementor-field-group-field_bf8c2ce elementor-col-100\">\n\t\t\t\t\t\t\t\t\t\t\t\t<label for=\"form-field-field_bf8c2ce\" class=\"elementor-field-label\">\n\t\t\t\t\t\t\t\t\u00bfDesea dejar alg\u00fan comentario adicional?\t\t\t\t\t\t\t<\/label>\n\t\t\t\t\t\t\t\t\t\t\t\t\t\t<input size=\"1\" type=\"text\" name=\"form_fields[field_bf8c2ce]\" id=\"form-field-field_bf8c2ce\" class=\"elementor-field elementor-size-sm  elementor-field-textual\" placeholder=\"Comentario\">\n\t\t\t\t\t\t\t\t\t\t\t<\/div>\n\t\t\t\t\t\t\t\t<div class=\"elementor-field-group elementor-column elementor-field-type-submit elementor-col-100 e-form__buttons\">\n\t\t\t\t\t<button class=\"elementor-button elementor-size-sm\" type=\"submit\">\n\t\t\t\t\t\t<span class=\"elementor-button-content-wrapper\">\n\t\t\t\t\t\t\t\t\t\t\t\t\t\t\t\t\t\t\t\t\t\t<span class=\"elementor-button-text\">Send<\/span>\n\t\t\t\t\t\t\t\t\t\t\t\t\t<\/span>\n\t\t\t\t\t<\/button>\n\t\t\t\t<\/div>\n\t\t\t<\/div>\n\t\t<input type=\"hidden\" name=\"trp-form-language\" value=\"es\"\/><\/form>\n\t\t\t\t\t\t<\/div>\n\t\t\t\t<\/div>\n\t\t\t\t\t<\/div>\n\t\t\t\t<\/div>\n\t\t\t\t<\/div>","protected":false},"excerpt":{"rendered":"","protected":false},"author":1,"featured_media":0,"parent":0,"menu_order":0,"comment_status":"closed","ping_status":"closed","template":"","meta":{"_uag_custom_page_level_css":"","_monsterinsights_skip_tracking":false,"_monsterinsights_sitenote_active":false,"_monsterinsights_sitenote_note":"","_monsterinsights_sitenote_category":0,"site-sidebar-layout":"no-sidebar","site-content-layout":"page-builder","ast-site-content-layout":"full-width-container","site-content-style":"default","site-sidebar-style":"default","ast-global-header-display":"","ast-banner-title-visibility":"","ast-main-header-display":"","ast-hfb-above-header-display":"","ast-hfb-below-header-display":"","ast-hfb-mobile-header-display":"","site-post-title":"disabled","ast-breadcrumbs-content":"","ast-featured-img":"disabled","footer-sml-layout":"","ast-disable-related-posts":"","theme-transparent-header-meta":"","adv-header-id-meta":"","stick-header-meta":"","header-above-stick-meta":"","header-main-stick-meta":"","header-below-stick-meta":"","astra-migrate-meta-layouts":"set","ast-page-background-enabled":"default","ast-page-background-meta":{"desktop":{"background-color":"var(--ast-global-color-4)","background-image":"","background-repeat":"repeat","background-position":"center center","background-size":"auto","background-attachment":"scroll","background-type":"","background-media":"","overlay-type":"","overlay-color":"","overlay-opacity":"","overlay-gradient":""},"tablet":{"background-color":"","background-image":"","background-repeat":"repeat","background-position":"center center","background-size":"auto","background-attachment":"scroll","background-type":"","background-media":"","overlay-type":"","overlay-color":"","overlay-opacity":"","overlay-gradient":""},"mobile":{"background-color":"","background-image":"","background-repeat":"repeat","background-position":"center center","background-size":"auto","background-attachment":"scroll","background-type":"","background-media":"","overlay-type":"","overlay-color":"","overlay-opacity":"","overlay-gradient":""}},"ast-content-background-meta":{"desktop":{"background-color":"var(--ast-global-color-5)","background-image":"","background-repeat":"repeat","background-position":"center center","background-size":"auto","background-attachment":"scroll","background-type":"","background-media":"","overlay-type":"","overlay-color":"","overlay-opacity":"","overlay-gradient":""},"tablet":{"background-color":"var(--ast-global-color-5)","background-image":"","background-repeat":"repeat","background-position":"center center","background-size":"auto","background-attachment":"scroll","background-type":"","background-media":"","overlay-type":"","overlay-color":"","overlay-opacity":"","overlay-gradient":""},"mobile":{"background-color":"var(--ast-global-color-5)","background-image":"","background-repeat":"repeat","background-position":"center center","background-size":"auto","background-attachment":"scroll","background-type":"","background-media":"","overlay-type":"","overlay-color":"","overlay-opacity":"","overlay-gradient":""}},"_joinchat":[],"footnotes":""},"class_list":["post-2480","page","type-page","status-publish","hentry"],"aioseo_notices":[],"yoast_head":"<!-- This site is optimized with the Yoast SEO plugin v27.4 - https:\/\/yoast.com\/product\/yoast-seo-wordpress\/ -->\n<title>tracking in house - THE BEST ROOFTOP IN COLOMBIA<\/title>\n<meta name=\"robots\" content=\"index, follow, max-snippet:-1, max-image-preview:large, max-video-preview:-1\" \/>\n<link rel=\"canonical\" href=\"https:\/\/astoriarooftop.com\/es\/tracking-in-house\/\" \/>\n<meta property=\"og:locale\" content=\"es_ES\" \/>\n<meta property=\"og:type\" content=\"article\" \/>\n<meta property=\"og:title\" content=\"tracking in house - THE BEST ROOFTOP IN COLOMBIA\" \/>\n<meta property=\"og:url\" content=\"https:\/\/astoriarooftop.com\/es\/tracking-in-house\/\" \/>\n<meta property=\"og:site_name\" content=\"THE BEST ROOFTOP IN COLOMBIA\" \/>\n<meta property=\"article:modified_time\" content=\"2025-05-13T21:47:29+00:00\" \/>\n<meta name=\"twitter:card\" content=\"summary_large_image\" \/>\n<meta name=\"twitter:label1\" content=\"Tiempo de lectura\" \/>\n\t<meta name=\"twitter:data1\" content=\"1 minuto\" \/>\n<script type=\"application\/ld+json\" class=\"yoast-schema-graph\">{\"@context\":\"https:\\\/\\\/schema.org\",\"@graph\":[{\"@type\":\"WebPage\",\"@id\":\"https:\\\/\\\/astoriarooftop.com\\\/tracking-in-house\\\/\",\"url\":\"https:\\\/\\\/astoriarooftop.com\\\/tracking-in-house\\\/\",\"name\":\"tracking in house - THE BEST ROOFTOP IN COLOMBIA\",\"isPartOf\":{\"@id\":\"https:\\\/\\\/astoriarooftop.com\\\/#website\"},\"datePublished\":\"2025-05-13T21:25:12+00:00\",\"dateModified\":\"2025-05-13T21:47:29+00:00\",\"breadcrumb\":{\"@id\":\"https:\\\/\\\/astoriarooftop.com\\\/tracking-in-house\\\/#breadcrumb\"},\"inLanguage\":\"es-CO\",\"potentialAction\":[{\"@type\":\"ReadAction\",\"target\":[\"https:\\\/\\\/astoriarooftop.com\\\/tracking-in-house\\\/\"]}]},{\"@type\":\"BreadcrumbList\",\"@id\":\"https:\\\/\\\/astoriarooftop.com\\\/tracking-in-house\\\/#breadcrumb\",\"itemListElement\":[{\"@type\":\"ListItem\",\"position\":1,\"name\":\"Inicio\",\"item\":\"https:\\\/\\\/astoriarooftop.com\\\/\"},{\"@type\":\"ListItem\",\"position\":2,\"name\":\"tracking in house\"}]},{\"@type\":\"WebSite\",\"@id\":\"https:\\\/\\\/astoriarooftop.com\\\/#website\",\"url\":\"https:\\\/\\\/astoriarooftop.com\\\/\",\"name\":\"THE BEST ROOFTOP IN COLOMBIA\",\"description\":\"\",\"publisher\":{\"@id\":\"https:\\\/\\\/astoriarooftop.com\\\/#organization\"},\"potentialAction\":[{\"@type\":\"SearchAction\",\"target\":{\"@type\":\"EntryPoint\",\"urlTemplate\":\"https:\\\/\\\/astoriarooftop.com\\\/?s={search_term_string}\"},\"query-input\":{\"@type\":\"PropertyValueSpecification\",\"valueRequired\":true,\"valueName\":\"search_term_string\"}}],\"inLanguage\":\"es-CO\"},{\"@type\":\"Organization\",\"@id\":\"https:\\\/\\\/astoriarooftop.com\\\/#organization\",\"name\":\"THE BEST ROOFTOP IN COLOMBIA\",\"url\":\"https:\\\/\\\/astoriarooftop.com\\\/\",\"logo\":{\"@type\":\"ImageObject\",\"inLanguage\":\"es-CO\",\"@id\":\"https:\\\/\\\/astoriarooftop.com\\\/#\\\/schema\\\/logo\\\/image\\\/\",\"url\":\"https:\\\/\\\/astoriarooftop.com\\\/wp-content\\\/uploads\\\/2024\\\/09\\\/cropped-LOGO-ASTORIA-1.png\",\"contentUrl\":\"https:\\\/\\\/astoriarooftop.com\\\/wp-content\\\/uploads\\\/2024\\\/09\\\/cropped-LOGO-ASTORIA-1.png\",\"width\":2331,\"height\":778,\"caption\":\"THE BEST ROOFTOP IN COLOMBIA\"},\"image\":{\"@id\":\"https:\\\/\\\/astoriarooftop.com\\\/#\\\/schema\\\/logo\\\/image\\\/\"}}]}<\/script>\n<!-- \/ Yoast SEO plugin. -->","yoast_head_json":{"title":"tracking in house - THE BEST ROOFTOP IN COLOMBIA","robots":{"index":"index","follow":"follow","max-snippet":"max-snippet:-1","max-image-preview":"max-image-preview:large","max-video-preview":"max-video-preview:-1"},"canonical":"https:\/\/astoriarooftop.com\/es\/tracking-in-house\/","og_locale":"es_ES","og_type":"article","og_title":"tracking in house - THE BEST ROOFTOP IN COLOMBIA","og_url":"https:\/\/astoriarooftop.com\/es\/tracking-in-house\/","og_site_name":"THE BEST ROOFTOP IN COLOMBIA","article_modified_time":"2025-05-13T21:47:29+00:00","twitter_card":"summary_large_image","twitter_misc":{"Tiempo de lectura":"1 minuto"},"schema":{"@context":"https:\/\/schema.org","@graph":[{"@type":"WebPage","@id":"https:\/\/astoriarooftop.com\/tracking-in-house\/","url":"https:\/\/astoriarooftop.com\/tracking-in-house\/","name":"tracking in house - THE BEST ROOFTOP IN COLOMBIA","isPartOf":{"@id":"https:\/\/astoriarooftop.com\/#website"},"datePublished":"2025-05-13T21:25:12+00:00","dateModified":"2025-05-13T21:47:29+00:00","breadcrumb":{"@id":"https:\/\/astoriarooftop.com\/tracking-in-house\/#breadcrumb"},"inLanguage":"es-CO","potentialAction":[{"@type":"ReadAction","target":["https:\/\/astoriarooftop.com\/tracking-in-house\/"]}]},{"@type":"BreadcrumbList","@id":"https:\/\/astoriarooftop.com\/tracking-in-house\/#breadcrumb","itemListElement":[{"@type":"ListItem","position":1,"name":"Inicio","item":"https:\/\/astoriarooftop.com\/"},{"@type":"ListItem","position":2,"name":"tracking in house"}]},{"@type":"WebSite","@id":"https:\/\/astoriarooftop.com\/#website","url":"https:\/\/astoriarooftop.com\/","name":"THE BEST ROOFTOP IN COLOMBIA","description":"","publisher":{"@id":"https:\/\/astoriarooftop.com\/#organization"},"potentialAction":[{"@type":"SearchAction","target":{"@type":"EntryPoint","urlTemplate":"https:\/\/astoriarooftop.com\/?s={search_term_string}"},"query-input":{"@type":"PropertyValueSpecification","valueRequired":true,"valueName":"search_term_string"}}],"inLanguage":"es-CO"},{"@type":"Organization","@id":"https:\/\/astoriarooftop.com\/#organization","name":"THE BEST ROOFTOP IN COLOMBIA","url":"https:\/\/astoriarooftop.com\/","logo":{"@type":"ImageObject","inLanguage":"es-CO","@id":"https:\/\/astoriarooftop.com\/#\/schema\/logo\/image\/","url":"https:\/\/astoriarooftop.com\/wp-content\/uploads\/2024\/09\/cropped-LOGO-ASTORIA-1.png","contentUrl":"https:\/\/astoriarooftop.com\/wp-content\/uploads\/2024\/09\/cropped-LOGO-ASTORIA-1.png","width":2331,"height":778,"caption":"THE BEST ROOFTOP IN COLOMBIA"},"image":{"@id":"https:\/\/astoriarooftop.com\/#\/schema\/logo\/image\/"}}]}},"uagb_featured_image_src":{"full":false,"thumbnail":false,"medium":false,"medium_large":false,"large":false,"1536x1536":false,"2048x2048":false,"trp-custom-language-flag":false,"woocommerce_thumbnail":false,"woocommerce_single":false,"woocommerce_gallery_thumbnail":false},"uagb_author_info":{"display_name":"info@grupoaltasvistas.com","author_link":"https:\/\/astoriarooftop.com\/es\/author\/infogrupoaltasvistas-com\/"},"uagb_comment_info":0,"uagb_excerpt":null,"_links":{"self":[{"href":"https:\/\/astoriarooftop.com\/es\/wp-json\/wp\/v2\/pages\/2480","targetHints":{"allow":["GET"]}}],"collection":[{"href":"https:\/\/astoriarooftop.com\/es\/wp-json\/wp\/v2\/pages"}],"about":[{"href":"https:\/\/astoriarooftop.com\/es\/wp-json\/wp\/v2\/types\/page"}],"author":[{"embeddable":true,"href":"https:\/\/astoriarooftop.com\/es\/wp-json\/wp\/v2\/users\/1"}],"replies":[{"embeddable":true,"href":"https:\/\/astoriarooftop.com\/es\/wp-json\/wp\/v2\/comments?post=2480"}],"version-history":[{"count":25,"href":"https:\/\/astoriarooftop.com\/es\/wp-json\/wp\/v2\/pages\/2480\/revisions"}],"predecessor-version":[{"id":2505,"href":"https:\/\/astoriarooftop.com\/es\/wp-json\/wp\/v2\/pages\/2480\/revisions\/2505"}],"wp:attachment":[{"href":"https:\/\/astoriarooftop.com\/es\/wp-json\/wp\/v2\/media?parent=2480"}],"curies":[{"name":"wp","href":"https:\/\/api.w.org\/{rel}","templated":true}]}}